{"id":112,"date":"2022-10-31T17:35:31","date_gmt":"2022-10-31T17:35:31","guid":{"rendered":"https:\/\/likeabosch.bosch-home.rs\/masine-za-pranje-vesa\/?page_id=112"},"modified":"2023-05-08T13:41:25","modified_gmt":"2023-05-08T13:41:25","slug":"naslovna","status":"publish","type":"page","link":"https:\/\/likeabosch.bosch-home.hr\/perilice-rublja\/","title":{"rendered":"Naslovna"},"content":{"rendered":"","protected":false},"excerpt":{"rendered":"","protected":false},"author":1,"featured_media":0,"parent":0,"menu_order":0,"comment_status":"closed","ping_status":"closed","template":"page-landing.php","meta":{"footnotes":""},"class_list":["post-112","page","type-page","status-publish"],"acf":[],"yoast_head":"<!-- This site is optimized with the Yoast SEO plugin v25.7 - https:\/\/yoast.com\/wordpress\/plugins\/seo\/ -->\n<title>NOVO: Bosch Serie 8 perilice rublja - BSH ku\u0107anski ure\u0111aji<\/title>\n<meta name=\"description\" content=\"O\u010dekujte #LikeABosch rezultate svakog ciklusa \u2013 ve\u0161 koji \u0107ete izvaditi je besprekorno \u010dist i suv. Od svakodnevne garderobe, sportske odec\u0301e i ko\u0161ulja, do delikatnih d\u017eempera, na\u0161i proizvodi blago, ali temeljno peru i su\u0161e sve vrste odec\u0301e na svim nivoima zaprljanosti.\" \/>\n<meta name=\"robots\" content=\"index, follow, max-snippet:-1, max-image-preview:large, max-video-preview:-1\" \/>\n<link rel=\"canonical\" href=\"https:\/\/likeabosch.bosch-home.hr\/perilice-rublja\/\" \/>\n<meta property=\"og:locale\" content=\"en_US\" \/>\n<meta property=\"og:type\" content=\"article\" \/>\n<meta property=\"og:title\" content=\"NOVO: Bosch Serie 8 perilice rublja - BSH ku\u0107anski ure\u0111aji\" \/>\n<meta property=\"og:description\" content=\"O\u010dekujte #LikeABosch rezultate svakog ciklusa \u2013 ve\u0161 koji \u0107ete izvaditi je besprekorno \u010dist i suv. Od svakodnevne garderobe, sportske odec\u0301e i ko\u0161ulja, do delikatnih d\u017eempera, na\u0161i proizvodi blago, ali temeljno peru i su\u0161e sve vrste odec\u0301e na svim nivoima zaprljanosti.\" \/>\n<meta property=\"og:url\" content=\"https:\/\/likeabosch.bosch-home.hr\/perilice-rublja\/\" \/>\n<meta property=\"og:site_name\" content=\"Savr\u0161ena nega sve va\u0161e ode\u0107e\" \/>\n<meta property=\"article:modified_time\" content=\"2023-05-08T13:41:25+00:00\" \/>\n<meta property=\"og:image\" content=\"https:\/\/likeabosch.bosch-home.hr\/perilice-rublja\/wp-content\/uploads\/sites\/9\/2022\/11\/social2.png\" \/>\n\t<meta property=\"og:image:width\" content=\"1200\" \/>\n\t<meta property=\"og:image:height\" content=\"628\" \/>\n\t<meta property=\"og:image:type\" content=\"image\/png\" \/>\n<meta name=\"twitter:card\" content=\"summary_large_image\" \/>\n<script type=\"application\/ld+json\" class=\"yoast-schema-graph\">{\"@context\":\"https:\/\/schema.org\",\"@graph\":[{\"@type\":\"WebPage\",\"@id\":\"https:\/\/likeabosch.bosch-home.hr\/perilice-rublja\/\",\"url\":\"https:\/\/likeabosch.bosch-home.hr\/perilice-rublja\/\",\"name\":\"NOVO: Bosch Serie 8 perilice rublja - BSH ku\u0107anski ure\u0111aji\",\"isPartOf\":{\"@id\":\"\/#website\"},\"datePublished\":\"2022-10-31T17:35:31+00:00\",\"dateModified\":\"2023-05-08T13:41:25+00:00\",\"description\":\"O\u010dekujte #LikeABosch rezultate svakog ciklusa \u2013 ve\u0161 koji \u0107ete izvaditi je besprekorno \u010dist i suv. Od svakodnevne garderobe, sportske odec\u0301e i ko\u0161ulja, do delikatnih d\u017eempera, na\u0161i proizvodi blago, ali temeljno peru i su\u0161e sve vrste odec\u0301e na svim nivoima zaprljanosti.\",\"breadcrumb\":{\"@id\":\"https:\/\/likeabosch.bosch-home.hr\/perilice-rublja\/#breadcrumb\"},\"inLanguage\":\"en-US\",\"potentialAction\":[{\"@type\":\"ReadAction\",\"target\":[\"https:\/\/likeabosch.bosch-home.hr\/perilice-rublja\/\"]}]},{\"@type\":\"BreadcrumbList\",\"@id\":\"https:\/\/likeabosch.bosch-home.hr\/perilice-rublja\/#breadcrumb\",\"itemListElement\":[{\"@type\":\"ListItem\",\"position\":1,\"name\":\"Home\",\"item\":\"https:\/\/likeabosch.bosch-home.hr\/perilice-rublja\/\"},{\"@type\":\"ListItem\",\"position\":2,\"name\":\"Naslovna\"}]},{\"@type\":\"WebSite\",\"@id\":\"\/#website\",\"url\":\"\/\",\"name\":\"Savr\u0161ena nega sve va\u0161e ode\u0107e\",\"description\":\"Bosch ma\u0161ine za pranje i su\u0161enje ve\u0161a\",\"publisher\":{\"@id\":\"\/#organization\"},\"potentialAction\":[{\"@type\":\"SearchAction\",\"target\":{\"@type\":\"EntryPoint\",\"urlTemplate\":\"\/?s={search_term_string}\"},\"query-input\":{\"@type\":\"PropertyValueSpecification\",\"valueRequired\":true,\"valueName\":\"search_term_string\"}}],\"inLanguage\":\"en-US\"},{\"@type\":\"Organization\",\"@id\":\"\/#organization\",\"name\":\"Savr\u0161ena nega sve va\u0161e ode\u0107e\",\"url\":\"\/\",\"logo\":{\"@type\":\"ImageObject\",\"inLanguage\":\"en-US\",\"@id\":\"\/#\/schema\/logo\/image\/\",\"url\":\"https:\/\/likeabosch.bosch-home.hr\/perilice-rublja\/wp-content\/uploads\/sites\/9\/2023\/05\/Bosch_symbol_logo_white.png\",\"contentUrl\":\"https:\/\/likeabosch.bosch-home.hr\/perilice-rublja\/wp-content\/uploads\/sites\/9\/2023\/05\/Bosch_symbol_logo_white.png\",\"width\":562,\"height\":224,\"caption\":\"Savr\u0161ena nega sve va\u0161e ode\u0107e\"},\"image\":{\"@id\":\"\/#\/schema\/logo\/image\/\"}}]}<\/script>\n<!-- \/ Yoast SEO plugin. -->","yoast_head_json":{"title":"NOVO: Bosch Serie 8 perilice rublja - BSH ku\u0107anski ure\u0111aji","description":"O\u010dekujte #LikeABosch rezultate svakog ciklusa \u2013 ve\u0161 koji \u0107ete izvaditi je besprekorno \u010dist i suv. Od svakodnevne garderobe, sportske odec\u0301e i ko\u0161ulja, do delikatnih d\u017eempera, na\u0161i proizvodi blago, ali temeljno peru i su\u0161e sve vrste odec\u0301e na svim nivoima zaprljanosti.","robots":{"index":"index","follow":"follow","max-snippet":"max-snippet:-1","max-image-preview":"max-image-preview:large","max-video-preview":"max-video-preview:-1"},"canonical":"https:\/\/likeabosch.bosch-home.hr\/perilice-rublja\/","og_locale":"en_US","og_type":"article","og_title":"NOVO: Bosch Serie 8 perilice rublja - BSH ku\u0107anski ure\u0111aji","og_description":"O\u010dekujte #LikeABosch rezultate svakog ciklusa \u2013 ve\u0161 koji \u0107ete izvaditi je besprekorno \u010dist i suv. Od svakodnevne garderobe, sportske odec\u0301e i ko\u0161ulja, do delikatnih d\u017eempera, na\u0161i proizvodi blago, ali temeljno peru i su\u0161e sve vrste odec\u0301e na svim nivoima zaprljanosti.","og_url":"https:\/\/likeabosch.bosch-home.hr\/perilice-rublja\/","og_site_name":"Savr\u0161ena nega sve va\u0161e ode\u0107e","article_modified_time":"2023-05-08T13:41:25+00:00","og_image":[{"width":1200,"height":628,"url":"https:\/\/likeabosch.bosch-home.hr\/perilice-rublja\/wp-content\/uploads\/sites\/9\/2022\/11\/social2.png","type":"image\/png"}],"twitter_card":"summary_large_image","schema":{"@context":"https:\/\/schema.org","@graph":[{"@type":"WebPage","@id":"https:\/\/likeabosch.bosch-home.hr\/perilice-rublja\/","url":"https:\/\/likeabosch.bosch-home.hr\/perilice-rublja\/","name":"NOVO: Bosch Serie 8 perilice rublja - BSH ku\u0107anski ure\u0111aji","isPartOf":{"@id":"\/#website"},"datePublished":"2022-10-31T17:35:31+00:00","dateModified":"2023-05-08T13:41:25+00:00","description":"O\u010dekujte #LikeABosch rezultate svakog ciklusa \u2013 ve\u0161 koji \u0107ete izvaditi je besprekorno \u010dist i suv. Od svakodnevne garderobe, sportske odec\u0301e i ko\u0161ulja, do delikatnih d\u017eempera, na\u0161i proizvodi blago, ali temeljno peru i su\u0161e sve vrste odec\u0301e na svim nivoima zaprljanosti.","breadcrumb":{"@id":"https:\/\/likeabosch.bosch-home.hr\/perilice-rublja\/#breadcrumb"},"inLanguage":"en-US","potentialAction":[{"@type":"ReadAction","target":["https:\/\/likeabosch.bosch-home.hr\/perilice-rublja\/"]}]},{"@type":"BreadcrumbList","@id":"https:\/\/likeabosch.bosch-home.hr\/perilice-rublja\/#breadcrumb","itemListElement":[{"@type":"ListItem","position":1,"name":"Home","item":"https:\/\/likeabosch.bosch-home.hr\/perilice-rublja\/"},{"@type":"ListItem","position":2,"name":"Naslovna"}]},{"@type":"WebSite","@id":"\/#website","url":"\/","name":"Savr\u0161ena nega sve va\u0161e ode\u0107e","description":"Bosch ma\u0161ine za pranje i su\u0161enje ve\u0161a","publisher":{"@id":"\/#organization"},"potentialAction":[{"@type":"SearchAction","target":{"@type":"EntryPoint","urlTemplate":"\/?s={search_term_string}"},"query-input":{"@type":"PropertyValueSpecification","valueRequired":true,"valueName":"search_term_string"}}],"inLanguage":"en-US"},{"@type":"Organization","@id":"\/#organization","name":"Savr\u0161ena nega sve va\u0161e ode\u0107e","url":"\/","logo":{"@type":"ImageObject","inLanguage":"en-US","@id":"\/#\/schema\/logo\/image\/","url":"https:\/\/likeabosch.bosch-home.hr\/perilice-rublja\/wp-content\/uploads\/sites\/9\/2023\/05\/Bosch_symbol_logo_white.png","contentUrl":"https:\/\/likeabosch.bosch-home.hr\/perilice-rublja\/wp-content\/uploads\/sites\/9\/2023\/05\/Bosch_symbol_logo_white.png","width":562,"height":224,"caption":"Savr\u0161ena nega sve va\u0161e ode\u0107e"},"image":{"@id":"\/#\/schema\/logo\/image\/"}}]}},"_links":{"self":[{"href":"https:\/\/likeabosch.bosch-home.hr\/perilice-rublja\/wp-json\/wp\/v2\/pages\/112","targetHints":{"allow":["GET"]}}],"collection":[{"href":"https:\/\/likeabosch.bosch-home.hr\/perilice-rublja\/wp-json\/wp\/v2\/pages"}],"about":[{"href":"https:\/\/likeabosch.bosch-home.hr\/perilice-rublja\/wp-json\/wp\/v2\/types\/page"}],"author":[{"embeddable":true,"href":"https:\/\/likeabosch.bosch-home.hr\/perilice-rublja\/wp-json\/wp\/v2\/users\/1"}],"replies":[{"embeddable":true,"href":"https:\/\/likeabosch.bosch-home.hr\/perilice-rublja\/wp-json\/wp\/v2\/comments?post=112"}],"version-history":[{"count":58,"href":"https:\/\/likeabosch.bosch-home.hr\/perilice-rublja\/wp-json\/wp\/v2\/pages\/112\/revisions"}],"predecessor-version":[{"id":262,"href":"https:\/\/likeabosch.bosch-home.hr\/perilice-rublja\/wp-json\/wp\/v2\/pages\/112\/revisions\/262"}],"wp:attachment":[{"href":"https:\/\/likeabosch.bosch-home.hr\/perilice-rublja\/wp-json\/wp\/v2\/media?parent=112"}],"curies":[{"name":"wp","href":"https:\/\/api.w.org\/{rel}","templated":true}]}}