{"id":4,"date":"2023-12-07T11:31:18","date_gmt":"2023-12-07T11:31:18","guid":{"rendered":"https:\/\/likeabosch.bosch-home.hr\/promo\/?page_id=4"},"modified":"2024-03-08T14:26:38","modified_gmt":"2024-03-08T14:26:38","slug":"bosch-tvoj-najbolji-prijatelj-za-kucu-%e2%80%a8dolazi-s-posebnim-darom","status":"publish","type":"page","link":"https:\/\/likeabosch.bosch-home.hr\/promo\/","title":{"rendered":"Bosch, tvoj najbolji prijatelj za ku\u0107u, \u2028dolazi s posebnim darom!"},"content":{"rendered":"","protected":false},"excerpt":{"rendered":"","protected":false},"author":1,"featured_media":0,"parent":0,"menu_order":0,"comment_status":"closed","ping_status":"closed","template":"page-promo.php","meta":{"footnotes":""},"class_list":["post-4","page","type-page","status-publish"],"acf":[],"yoast_head":"<!-- This site is optimized with the Yoast SEO plugin v25.7 - https:\/\/yoast.com\/wordpress\/plugins\/seo\/ -->\n<title>Bosch, tvoj najbolji prijatelj za ku\u0107u, \u2028dolazi s posebnim darom!<\/title>\n<meta name=\"description\" content=\"Prijavi se na Bosch Newsletter i osvoji svoj vlastiti promo kod* od \u010dak 20% popustau partnerstvu s na\u0161im prijateljima iz Sancta Domenica, koji mo\u017ee\u0161 iskoristiti u perioduod 4.3. do 17.3.2024 na sav BOSCH asortiman!\" \/>\n<meta name=\"robots\" content=\"index, follow, max-snippet:-1, max-image-preview:large, max-video-preview:-1\" \/>\n<link rel=\"canonical\" href=\"https:\/\/likeabosch.bosch-home.hr\/promo\/\" \/>\n<meta property=\"og:locale\" content=\"en_US\" \/>\n<meta property=\"og:type\" content=\"article\" \/>\n<meta property=\"og:title\" content=\"Bosch, tvoj najbolji prijatelj za ku\u0107u, \u2028dolazi s posebnim darom!\" \/>\n<meta property=\"og:description\" content=\"Prijavi se na Bosch Newsletter i osvoji svoj vlastiti promo kod* od \u010dak 20% popustau partnerstvu s na\u0161im prijateljima iz Sancta Domenica, koji mo\u017ee\u0161 iskoristiti u perioduod 4.3. do 17.3.2024 na sav BOSCH asortiman!\" \/>\n<meta property=\"og:url\" content=\"https:\/\/likeabosch.bosch-home.hr\/promo\/\" \/>\n<meta property=\"og:site_name\" content=\"Bosch Home\" \/>\n<meta property=\"article:modified_time\" content=\"2024-03-08T14:26:38+00:00\" \/>\n<meta property=\"og:image\" content=\"https:\/\/likeabosch.bosch-home.hr\/promo\/wp-content\/uploads\/sites\/15\/2024\/03\/boschsociakl.png\" \/>\n\t<meta property=\"og:image:width\" content=\"1200\" \/>\n\t<meta property=\"og:image:height\" content=\"630\" \/>\n\t<meta property=\"og:image:type\" content=\"image\/png\" \/>\n<meta name=\"twitter:card\" content=\"summary_large_image\" \/>\n<script type=\"application\/ld+json\" class=\"yoast-schema-graph\">{\"@context\":\"https:\/\/schema.org\",\"@graph\":[{\"@type\":\"WebPage\",\"@id\":\"https:\/\/likeabosch.bosch-home.hr\/promo\/\",\"url\":\"https:\/\/likeabosch.bosch-home.hr\/promo\/\",\"name\":\"Bosch, tvoj najbolji prijatelj za ku\u0107u, \\u2028dolazi s posebnim darom!\",\"isPartOf\":{\"@id\":\"https:\/\/likeabosch.bosch-home.hr\/promo\/#website\"},\"datePublished\":\"2023-12-07T11:31:18+00:00\",\"dateModified\":\"2024-03-08T14:26:38+00:00\",\"description\":\"Prijavi se na Bosch Newsletter i osvoji svoj vlastiti promo kod* od \u010dak 20% popustau partnerstvu s na\u0161im prijateljima iz Sancta Domenica, koji mo\u017ee\u0161 iskoristiti u perioduod 4.3. do 17.3.2024 na sav BOSCH asortiman!\",\"breadcrumb\":{\"@id\":\"https:\/\/likeabosch.bosch-home.hr\/promo\/#breadcrumb\"},\"inLanguage\":\"en-US\",\"potentialAction\":[{\"@type\":\"ReadAction\",\"target\":[\"https:\/\/likeabosch.bosch-home.hr\/promo\/\"]}]},{\"@type\":\"BreadcrumbList\",\"@id\":\"https:\/\/likeabosch.bosch-home.hr\/promo\/#breadcrumb\",\"itemListElement\":[{\"@type\":\"ListItem\",\"position\":1,\"name\":\"Home\",\"item\":\"https:\/\/likeabosch.bosch-home.hr\/promo\/\"},{\"@type\":\"ListItem\",\"position\":2,\"name\":\"Bosch, tvoj najbolji prijatelj za ku\u0107u, \\u2028dolazi s posebnim darom!\"}]},{\"@type\":\"WebSite\",\"@id\":\"https:\/\/likeabosch.bosch-home.hr\/promo\/#website\",\"url\":\"https:\/\/likeabosch.bosch-home.hr\/promo\/\",\"name\":\"Bosch Home\",\"description\":\"Bosch, tvoj najbolji prijatelj za ku\u0107u, \\u2028dolazi s posebnim darom!\",\"potentialAction\":[{\"@type\":\"SearchAction\",\"target\":{\"@type\":\"EntryPoint\",\"urlTemplate\":\"https:\/\/likeabosch.bosch-home.hr\/promo\/?s={search_term_string}\"},\"query-input\":{\"@type\":\"PropertyValueSpecification\",\"valueRequired\":true,\"valueName\":\"search_term_string\"}}],\"inLanguage\":\"en-US\"}]}<\/script>\n<!-- \/ Yoast SEO plugin. -->","yoast_head_json":{"title":"Bosch, tvoj najbolji prijatelj za ku\u0107u, \u2028dolazi s posebnim darom!","description":"Prijavi se na Bosch Newsletter i osvoji svoj vlastiti promo kod* od \u010dak 20% popustau partnerstvu s na\u0161im prijateljima iz Sancta Domenica, koji mo\u017ee\u0161 iskoristiti u perioduod 4.3. do 17.3.2024 na sav BOSCH asortiman!","robots":{"index":"index","follow":"follow","max-snippet":"max-snippet:-1","max-image-preview":"max-image-preview:large","max-video-preview":"max-video-preview:-1"},"canonical":"https:\/\/likeabosch.bosch-home.hr\/promo\/","og_locale":"en_US","og_type":"article","og_title":"Bosch, tvoj najbolji prijatelj za ku\u0107u, \u2028dolazi s posebnim darom!","og_description":"Prijavi se na Bosch Newsletter i osvoji svoj vlastiti promo kod* od \u010dak 20% popustau partnerstvu s na\u0161im prijateljima iz Sancta Domenica, koji mo\u017ee\u0161 iskoristiti u perioduod 4.3. do 17.3.2024 na sav BOSCH asortiman!","og_url":"https:\/\/likeabosch.bosch-home.hr\/promo\/","og_site_name":"Bosch Home","article_modified_time":"2024-03-08T14:26:38+00:00","og_image":[{"width":1200,"height":630,"url":"https:\/\/likeabosch.bosch-home.hr\/promo\/wp-content\/uploads\/sites\/15\/2024\/03\/boschsociakl.png","type":"image\/png"}],"twitter_card":"summary_large_image","schema":{"@context":"https:\/\/schema.org","@graph":[{"@type":"WebPage","@id":"https:\/\/likeabosch.bosch-home.hr\/promo\/","url":"https:\/\/likeabosch.bosch-home.hr\/promo\/","name":"Bosch, tvoj najbolji prijatelj za ku\u0107u, \u2028dolazi s posebnim darom!","isPartOf":{"@id":"https:\/\/likeabosch.bosch-home.hr\/promo\/#website"},"datePublished":"2023-12-07T11:31:18+00:00","dateModified":"2024-03-08T14:26:38+00:00","description":"Prijavi se na Bosch Newsletter i osvoji svoj vlastiti promo kod* od \u010dak 20% popustau partnerstvu s na\u0161im prijateljima iz Sancta Domenica, koji mo\u017ee\u0161 iskoristiti u perioduod 4.3. do 17.3.2024 na sav BOSCH asortiman!","breadcrumb":{"@id":"https:\/\/likeabosch.bosch-home.hr\/promo\/#breadcrumb"},"inLanguage":"en-US","potentialAction":[{"@type":"ReadAction","target":["https:\/\/likeabosch.bosch-home.hr\/promo\/"]}]},{"@type":"BreadcrumbList","@id":"https:\/\/likeabosch.bosch-home.hr\/promo\/#breadcrumb","itemListElement":[{"@type":"ListItem","position":1,"name":"Home","item":"https:\/\/likeabosch.bosch-home.hr\/promo\/"},{"@type":"ListItem","position":2,"name":"Bosch, tvoj najbolji prijatelj za ku\u0107u, \u2028dolazi s posebnim darom!"}]},{"@type":"WebSite","@id":"https:\/\/likeabosch.bosch-home.hr\/promo\/#website","url":"https:\/\/likeabosch.bosch-home.hr\/promo\/","name":"Bosch Home","description":"Bosch, tvoj najbolji prijatelj za ku\u0107u, \u2028dolazi s posebnim darom!","potentialAction":[{"@type":"SearchAction","target":{"@type":"EntryPoint","urlTemplate":"https:\/\/likeabosch.bosch-home.hr\/promo\/?s={search_term_string}"},"query-input":{"@type":"PropertyValueSpecification","valueRequired":true,"valueName":"search_term_string"}}],"inLanguage":"en-US"}]}},"_links":{"self":[{"href":"https:\/\/likeabosch.bosch-home.hr\/promo\/wp-json\/wp\/v2\/pages\/4","targetHints":{"allow":["GET"]}}],"collection":[{"href":"https:\/\/likeabosch.bosch-home.hr\/promo\/wp-json\/wp\/v2\/pages"}],"about":[{"href":"https:\/\/likeabosch.bosch-home.hr\/promo\/wp-json\/wp\/v2\/types\/page"}],"author":[{"embeddable":true,"href":"https:\/\/likeabosch.bosch-home.hr\/promo\/wp-json\/wp\/v2\/users\/1"}],"replies":[{"embeddable":true,"href":"https:\/\/likeabosch.bosch-home.hr\/promo\/wp-json\/wp\/v2\/comments?post=4"}],"version-history":[{"count":26,"href":"https:\/\/likeabosch.bosch-home.hr\/promo\/wp-json\/wp\/v2\/pages\/4\/revisions"}],"predecessor-version":[{"id":142,"href":"https:\/\/likeabosch.bosch-home.hr\/promo\/wp-json\/wp\/v2\/pages\/4\/revisions\/142"}],"wp:attachment":[{"href":"https:\/\/likeabosch.bosch-home.hr\/promo\/wp-json\/wp\/v2\/media?parent=4"}],"curies":[{"name":"wp","href":"https:\/\/api.w.org\/{rel}","templated":true}]}}